{"id":1349,"date":"2015-12-04T02:08:42","date_gmt":"2015-12-04T02:08:42","guid":{"rendered":"https:\/\/construm.es\/servicios"},"modified":"2021-03-17T17:22:56","modified_gmt":"2021-03-17T16:22:56","slug":"reformes-construccions-rehabilitacions","status":"publish","type":"page","link":"https:\/\/construm.es\/ca\/reformes-construccions-rehabilitacions","title":{"rendered":"Serveis"},"content":{"rendered":"<p><div  class=\"fusion-fullwidth fullwidth-box nonhundred-percent-fullwidth\"  style='background-color: #fed03d;background-position: left top;background-repeat: no-repeat;padding-top:50px;padding-right:0px;padding-bottom:50px;padding-left:0px;border-top-width:0px;border-bottom-width:0px;border-color:#eae9e9;border-top-style:solid;border-bottom-style:solid;'><div class=\"fusion-builder-row fusion-row \"><div  class=\"fusion-layout-column fusion_builder_column fusion_builder_column_1_1  fusion-one-full fusion-column-first fusion-column-last 1_1\"  style='margin-top:0px;margin-bottom:0px;'>\n\t\t\t\t\t<div class=\"fusion-column-wrapper\" style=\"background-position:left top;background-repeat:no-repeat;-webkit-background-size:cover;-moz-background-size:cover;-o-background-size:cover;background-size:cover;\"  data-bg-url=\"\">\n\t\t\t\t\t\t<h2 style=\"font-weight: 300; text-align: center;\">Tens un projecte de construcci\u00f3 en el qual et podem ajudar?<\/h2>\n<div class=\"fusion-clearfix\"><\/div>\n\n\t\t\t\t\t<\/div>\n\t\t\t\t<\/div><\/div><\/div><div  class=\"fusion-fullwidth fullwidth-box nonhundred-percent-fullwidth\"  style='background-color: #ffffff;background-position: left top;background-repeat: no-repeat;padding-top:3%;padding-right:0px;padding-bottom:2%;padding-left:0px;border-top-width:0px;border-bottom-width:0px;border-color:#eae9e9;border-top-style:solid;border-bottom-style:solid;'><div class=\"fusion-builder-row fusion-row \"><div  class=\"fusion-layout-column fusion_builder_column fusion_builder_column_1_1  fusion-one-full fusion-column-first fusion-column-last 1_1\"  style='margin-top:50px;margin-bottom:25px;'>\n\t\t\t\t\t<div class=\"fusion-column-wrapper\" style=\"padding: 0px 0px 0px 0px;background-position:left top;background-repeat:no-repeat;-webkit-background-size:cover;-moz-background-size:cover;-o-background-size:cover;background-size:cover;\"  data-bg-url=\"\">\n\t\t\t\t\t\t<div class=\"fusion-tabs fusion-tabs-1 clean vertical-tabs\"><style type=\"text\/css\">#wrapper .fusion-tabs.fusion-tabs-1.clean .nav-tabs li a{border-color:rgba(245,245,245,0);}.fusion-tabs.fusion-tabs-1 .nav-tabs li a{background-color:#f5f5f5;}.fusion-tabs.fusion-tabs-1 .nav-tabs li.active a,.fusion-tabs.fusion-tabs-1 .nav-tabs li.active a:hover,.fusion-tabs.fusion-tabs-1 .nav-tabs li.active a:focus{background-color:#fed03d;}.fusion-tabs.fusion-tabs-1 .nav-tabs li a:hover{background-color:#fed03d;border-top-color:#fed03d;}.fusion-tabs.fusion-tabs-1 .tab-pane{background-color:#fed03d;}.fusion-tabs.fusion-tabs-1 .nav,.fusion-tabs.fusion-tabs-1 .nav-tabs,.fusion-tabs.fusion-tabs-1 .tab-content .tab-pane{border-color:rgba(245,245,245,0);}<\/style><div class=\"nav\"><ul class=\"nav-tabs\"><li class=\"active\"><a class=\"tab-link\" data-toggle=\"tab\" id=\"fusion-tab-construccions\" href=\"#tab-829c90ef5b00ee701e0\"><h4 class=\"fusion-tab-heading\">Construccions<\/h4><\/a><\/li><li><a class=\"tab-link\" data-toggle=\"tab\" id=\"fusion-tab-reformes\" href=\"#tab-3ed7f8ca78ef46ad4f1\"><h4 class=\"fusion-tab-heading\">Reformes<\/h4><\/a><\/li><li><a class=\"tab-link\" data-toggle=\"tab\" id=\"fusion-tab-rehabilitaci\u00f3general\" href=\"#tab-5a44a3aa0184637807e\"><h4 class=\"fusion-tab-heading\">Rehabilitaci\u00f3 general<\/h4><\/a><\/li><li><a class=\"tab-link\" data-toggle=\"tab\" id=\"fusion-tab-edificis\" href=\"#tab-21f4e2768dbb0bbbe48\"><h4 class=\"fusion-tab-heading\">Edificis<\/h4><\/a><\/li><li><a class=\"tab-link\" data-toggle=\"tab\" id=\"fusion-tab-serveisconstructiusit\u00e8cnics\" href=\"#tab-0577d1acd1bed2d255a\"><h4 class=\"fusion-tab-heading\">Serveis Constructius i T\u00e8cnics<\/h4><\/a><\/li><\/ul><\/div><div class=\"tab-content\"><div class=\"nav fusion-mobile-tab-nav\"><ul class=\"nav-tabs\"><li class=\"active\"><a class=\"tab-link\" data-toggle=\"tab\" id=\"mobile-fusion-tab-construccions\" href=\"#tab-829c90ef5b00ee701e0\"><h4 class=\"fusion-tab-heading\">Construccions<\/h4><\/a><\/li><\/ul><\/div><div class=\"tab-pane fade in active\" id=\"tab-829c90ef5b00ee701e0\">\n<h2 style=\"font-weight: 300; margin-top: -20px;\">Construccions<\/h2>\n<p><span style=\"text-align: justify;\">Constru\u00efm i portem el seu projecte a la realitat amb la m\u00e0xima dedicaci\u00f3 i atenci\u00f3 als detalls del client ja sigui en habitatge unifamiliar, plurifamiliar, no residencial, en edifici p\u00fablic, etc.<\/span><\/div><div class=\"nav fusion-mobile-tab-nav\"><ul class=\"nav-tabs\"><li><a class=\"tab-link\" data-toggle=\"tab\" id=\"mobile-fusion-tab-reformes\" href=\"#tab-3ed7f8ca78ef46ad4f1\"><h4 class=\"fusion-tab-heading\">Reformes<\/h4><\/a><\/li><\/ul><\/div><div class=\"tab-pane fade\" id=\"tab-3ed7f8ca78ef46ad4f1\">\n<h2 style=\"font-weight: 300; margin-top: -20px;\">Reformes<\/h2>\n<p>Visitem el seu espai a reformar i busquem la millor soluci\u00f3 per a les necessitats i gustos del client amb el nostre equip de professionals per aix\u00ed dur a terme una obra neta, r\u00e0pida i de m\u00e0xima qualitat.<\/div><div class=\"nav fusion-mobile-tab-nav\"><ul class=\"nav-tabs\"><li><a class=\"tab-link\" data-toggle=\"tab\" id=\"mobile-fusion-tab-rehabilitaci\u00f3general\" href=\"#tab-5a44a3aa0184637807e\"><h4 class=\"fusion-tab-heading\">Rehabilitaci\u00f3 general<\/h4><\/a><\/li><\/ul><\/div><div class=\"tab-pane fade\" id=\"tab-5a44a3aa0184637807e\">\n<h2 style=\"font-weight: 300; margin-top: -20px;\">Rehabilitaci\u00f3 general<\/h2>\n<p style=\"text-align: justify;\">Rehabilitem tot tipus d&#8217;edificis, locals, hotels i habitatges d&#8217;entitats privades i particulars, des de la m\u00e9s petita actuaci\u00f3, fins a la reforma integral amb intervenci\u00f3 en rehabilitaci\u00f3 d&#8217;estructura, fa\u00e7anes, paviments, divis\u00f2ries, tancaments, cobertes i acabats.<\/p>\n<\/div><div class=\"nav fusion-mobile-tab-nav\"><ul class=\"nav-tabs\"><li><a class=\"tab-link\" data-toggle=\"tab\" id=\"mobile-fusion-tab-edificis\" href=\"#tab-21f4e2768dbb0bbbe48\"><h4 class=\"fusion-tab-heading\">Edificis<\/h4><\/a><\/li><\/ul><\/div><div class=\"tab-pane fade\" id=\"tab-21f4e2768dbb0bbbe48\">\n<h2 style=\"font-weight: 300; margin-top: -20px;\">Edificis<\/h2>\n<p style=\"text-align: justify;\">La nostra \u00e0mplia experi\u00e8ncia en el sector ens posiciona com una de les principals constructores dins de l&#8217;\u00e0mbit de l&#8217;edificaci\u00f3 residencial, col\u00b7laborant amb els nostres clients en la consecuci\u00f3 d&#8217;\u00e8xit de les seves promocions, amb estricte compliment dels requisits exigits de qualitat, seguretat, termini i pressupost.<\/p>\n<p style=\"text-align: justify;\">Estem especialitzat en la construcci\u00f3 d&#8217;edificacions no residencial com edificis d&#8217;oficines, centres comercials i edificis singulars.<\/p>\n<\/div><div class=\"nav fusion-mobile-tab-nav\"><ul class=\"nav-tabs\"><li><a class=\"tab-link\" data-toggle=\"tab\" id=\"mobile-fusion-tab-serveisconstructiusit\u00e8cnics\" href=\"#tab-0577d1acd1bed2d255a\"><h4 class=\"fusion-tab-heading\">Serveis Constructius i T\u00e8cnics<\/h4><\/a><\/li><\/ul><\/div><div class=\"tab-pane fade\" id=\"tab-0577d1acd1bed2d255a\">\n<h2 style=\"font-weight: 300; margin-top: -20px;\">Serveis Constructius i T\u00e8cnics<\/h2>\n<ul>\n<li>Constructius<\/li>\n<li>Instal\u00b7lacions\n<ul>\n<li>Electricitat<\/li>\n<li>Aigua<\/li>\n<li>Gas<\/li>\n<li>Calefacci\u00f3<\/li>\n<\/ul>\n<\/li>\n<li>Servei de pintura interior i exterior en general<\/li>\n<li>T\u00e8cnics<\/li>\n<li>Projectes i direcci\u00f3 t\u00e8cnica d&#8217;obra (arquitecte i arquitecte t\u00e8cnic)<\/li>\n<li>C\u00e8dula de segona ocupaci\u00f3<\/li>\n<li>ITE (Inspecci\u00f3 t\u00e8cnica d&#8217;edificis)<\/li>\n<li>Certificats energ\u00e8tics<\/li>\n<li>Gestions amb col\u00b7legis professionals<\/li>\n<\/ul>\n<\/div><\/div><\/div><div class=\"fusion-clearfix\"><\/div>\n\n\t\t\t\t\t<\/div>\n\t\t\t\t<\/div><\/div><\/div><\/p>\n","protected":false},"excerpt":{"rendered":"","protected":false},"author":3,"featured_media":0,"parent":0,"menu_order":0,"comment_status":"closed","ping_status":"closed","template":"100-width.php","meta":[],"yoast_head":"<!-- This site is optimized with the Yoast SEO plugin v15.9.2 - https:\/\/yoast.com\/wordpress\/plugins\/seo\/ -->\n<title>Construccions modernes Barcelona | Construm<\/title>\n<meta name=\"description\" content=\"Construccions modernes a Barcelona | Constru\u00efm i portem el seu projecte a la realitat amb la m\u00e0xima atenci\u00f3 als detalls del client\" \/>\n<link rel=\"canonical\" href=\"https:\/\/construm.es\/ca\/reformes-construccions-rehabilitacions\" \/>\n<meta property=\"og:locale\" content=\"ca_ES\" \/>\n<meta property=\"og:type\" content=\"article\" \/>\n<meta property=\"og:title\" content=\"Construccions modernes Barcelona | Construm\" \/>\n<meta property=\"og:description\" content=\"Construccions modernes a Barcelona | Constru\u00efm i portem el seu projecte a la realitat amb la m\u00e0xima atenci\u00f3 als detalls del client\" \/>\n<meta property=\"og:url\" content=\"https:\/\/construm.es\/ca\/reformes-construccions-rehabilitacions\" \/>\n<meta property=\"og:site_name\" content=\"Construm S.L\" \/>\n<meta property=\"article:modified_time\" content=\"2021-03-17T16:22:56+00:00\" \/>\n<meta name=\"twitter:card\" content=\"summary\" \/>\n<meta name=\"twitter:label1\" content=\"Temps estimat de lectura\">\n\t<meta name=\"twitter:data1\" content=\"2 minuts\">\n<script type=\"application\/ld+json\" class=\"yoast-schema-graph\">{\"@context\":\"https:\/\/schema.org\",\"@graph\":[{\"@type\":\"WebSite\",\"@id\":\"https:\/\/construm.es\/#website\",\"url\":\"https:\/\/construm.es\/\",\"name\":\"Construm S.L\",\"description\":\"Empresa de construcciones y reformas\",\"potentialAction\":[{\"@type\":\"SearchAction\",\"target\":\"https:\/\/construm.es\/?s={search_term_string}\",\"query-input\":\"required name=search_term_string\"}],\"inLanguage\":\"ca\"},{\"@type\":\"WebPage\",\"@id\":\"https:\/\/construm.es\/ca\/reformes-construccions-rehabilitacions#webpage\",\"url\":\"https:\/\/construm.es\/ca\/reformes-construccions-rehabilitacions\",\"name\":\"Construccions modernes Barcelona | Construm\",\"isPartOf\":{\"@id\":\"https:\/\/construm.es\/#website\"},\"datePublished\":\"2015-12-04T02:08:42+00:00\",\"dateModified\":\"2021-03-17T16:22:56+00:00\",\"description\":\"Construccions modernes a Barcelona | Constru\\u00efm i portem el seu projecte a la realitat amb la m\\u00e0xima atenci\\u00f3 als detalls del client\",\"breadcrumb\":{\"@id\":\"https:\/\/construm.es\/ca\/reformes-construccions-rehabilitacions#breadcrumb\"},\"inLanguage\":\"ca\",\"potentialAction\":[{\"@type\":\"ReadAction\",\"target\":[\"https:\/\/construm.es\/ca\/reformes-construccions-rehabilitacions\"]}]},{\"@type\":\"BreadcrumbList\",\"@id\":\"https:\/\/construm.es\/ca\/reformes-construccions-rehabilitacions#breadcrumb\",\"itemListElement\":[{\"@type\":\"ListItem\",\"position\":1,\"item\":{\"@type\":\"WebPage\",\"@id\":\"https:\/\/construm.es\/ca\",\"url\":\"https:\/\/construm.es\/ca\",\"name\":\"Portada\"}},{\"@type\":\"ListItem\",\"position\":2,\"item\":{\"@type\":\"WebPage\",\"@id\":\"https:\/\/construm.es\/ca\/reformes-construccions-rehabilitacions\",\"url\":\"https:\/\/construm.es\/ca\/reformes-construccions-rehabilitacions\",\"name\":\"Serveis\"}}]}]}<\/script>\n<!-- \/ Yoast SEO plugin. -->","_links":{"self":[{"href":"https:\/\/construm.es\/ca\/wp-json\/wp\/v2\/pages\/1349"}],"collection":[{"href":"https:\/\/construm.es\/ca\/wp-json\/wp\/v2\/pages"}],"about":[{"href":"https:\/\/construm.es\/ca\/wp-json\/wp\/v2\/types\/page"}],"author":[{"embeddable":true,"href":"https:\/\/construm.es\/ca\/wp-json\/wp\/v2\/users\/3"}],"replies":[{"embeddable":true,"href":"https:\/\/construm.es\/ca\/wp-json\/wp\/v2\/comments?post=1349"}],"version-history":[{"count":4,"href":"https:\/\/construm.es\/ca\/wp-json\/wp\/v2\/pages\/1349\/revisions"}],"predecessor-version":[{"id":1376,"href":"https:\/\/construm.es\/ca\/wp-json\/wp\/v2\/pages\/1349\/revisions\/1376"}],"wp:attachment":[{"href":"https:\/\/construm.es\/ca\/wp-json\/wp\/v2\/media?parent=1349"}],"curies":[{"name":"wp","href":"https:\/\/api.w.org\/{rel}","templated":true}]}}