{"id":1347,"date":"2015-12-04T02:08:28","date_gmt":"2015-12-04T02:08:28","guid":{"rendered":"https:\/\/construm.es\/sobre-nosotros"},"modified":"2021-03-17T17:24:10","modified_gmt":"2021-03-17T16:24:10","slug":"empresa-constructora","status":"publish","type":"page","link":"https:\/\/construm.es\/ca\/empresa-constructora","title":{"rendered":"Sobre nosaltres"},"content":{"rendered":"<p><div  class=\"fusion-fullwidth fullwidth-box nonhundred-percent-fullwidth\"  style='background-color: #fed03d;background-position: left top;background-repeat: no-repeat;padding-top:50px;padding-right:0px;padding-bottom:50px;padding-left:0px;border-top-width:0px;border-bottom-width:0px;border-color:#eae9e9;border-top-style:solid;border-bottom-style:solid;'><div class=\"fusion-builder-row fusion-row \"><div  class=\"fusion-layout-column fusion_builder_column fusion_builder_column_1_1  fusion-one-full fusion-column-first fusion-column-last 1_1\"  style='margin-top:0px;margin-bottom:0px;'>\n\t\t\t\t\t<div class=\"fusion-column-wrapper\" style=\"background-position:left top;background-repeat:no-repeat;-webkit-background-size:cover;-moz-background-size:cover;-o-background-size:cover;background-size:cover;\"  data-bg-url=\"\">\n\t\t\t\t\t\t<h2 style=\"font-weight: 300; text-align: center;\">Tens un projecte de construcci\u00f3 en el qual et podem ajudar?<\/h2>\n<div class=\"fusion-clearfix\"><\/div>\n\n\t\t\t\t\t<\/div>\n\t\t\t\t<\/div><\/div><\/div><div id=\"section1\" class=\"fusion-fullwidth fullwidth-box fusion-blend-mode mass-responsive-section nonhundred-percent-fullwidth\"  style='background-color: rgba(255,255,255,0);background-position: left top;background-repeat: no-repeat;padding-top:3%;padding-right:0px;padding-left:0px;border-top-width:0px;border-bottom-width:0px;border-color:#eae9e9;border-top-style:solid;border-bottom-style:solid;'><div class=\"fusion-builder-row fusion-row \"><div  class=\"fusion-layout-column fusion_builder_column fusion_builder_column_1_1  fusion-one-full fusion-column-first fusion-column-last mass-intro 1_1\"  style='margin-top:42px;margin-bottom:20px;'>\n\t\t\t\t\t<div class=\"fusion-column-wrapper\" style=\"padding: 0px 15% 0px 15%;background-position:left top;background-repeat:no-repeat;-webkit-background-size:cover;-moz-background-size:cover;-o-background-size:cover;background-size:cover;\"  data-bg-url=\"\">\n\t\t\t\t\t\t<h2 style=\"text-align: center;\">Construint espais inspiradors<\/h2>\n<div class=\"fusion-sep-clear\"><\/div><div class=\"fusion-separator sep-single sep-solid\" style=\"border-color:#fed03d;border-top-width:2px;margin-left: auto;margin-right: auto;margin-top:0px;margin-bottom:30px;width:100%;max-width:206px;\"><\/div><p style=\"text-align: justify; font-size: 17px;\">Empresa amb oficines al gegant de negocis BCIN situat davant de la mar de la costa Barcelonina a la bonica poblaci\u00f3 de Badalona som un ampli grup amb gran experi\u00e8ncia en el sector de la construcci\u00f3. Inscrita en REA (Registre d&#8217;Empreses acreditades) Generalitat de Catalunya Departament de Treball.<\/p>\n<div class=\"fusion-sep-clear\"><\/div><div class=\"fusion-separator fusion-full-width-sep sep-none\" style=\"margin-left: auto;margin-right: auto;margin-top:40px;\"><\/div><div class=\"imageframe-align-center\"><span class=\"fusion-imageframe imageframe-none imageframe-1 hover-type-none\"><img loading=\"lazy\" src=\"http:\/\/construm.es\/wp-content\/uploads\/2015\/12\/bcin.jpg\" width=\"\" height=\"\" alt=\"\" title=\"\" class=\"img-responsive\"\/><\/span><\/div><div class=\"fusion-sep-clear\"><\/div><div class=\"fusion-separator fusion-full-width-sep sep-none\" style=\"margin-left: auto;margin-right: auto;margin-top:40px;\"><\/div><p style=\"text-align: justify; font-size: 17px;\">Des de fa m\u00e9s de 25 anys, seguint la tradici\u00f3 familiar de generaci\u00f3 en generaci\u00f3, ens dediquem acuradament a realitzar <strong>treballs de qualitat<\/strong> ja sigui en edificaci\u00f3, construcci\u00f3 d&#8217;habitatges aix\u00ed com reforma i rehabilitaci\u00f3 en general per tal d&#8217;aconseguir la satisfacci\u00f3 dels nostres clients.<\/p>\n<p style=\"text-align: justify; font-size: 17px;\">Ens dediquem a tot tipus de construccions i reformes a Barcelona i el Maresme, a m\u00e9s ens ocupem \u00edntegrament de totes les fases de l&#8217;obra, de manera que vost\u00e8 no s&#8217;haur\u00e0 de preocupar de res.<\/p>\n<p style=\"text-align: justify; font-size: 17px;\">Aix\u00f2 facilita i millora tota la coordinaci\u00f3 entre els diferents professionals, ja que treballem en equip, i agilitza tot el procediment de la construcci\u00f3.<\/p>\n<p style=\"text-align: justify; font-size: 17px;\">Comptem amb tots els certificats de riscos laborals, responsabilitat civil i altes en tots els estaments oficials..<\/p>\n<p style=\"text-align: justify; font-size: 17px;\">Comptem amb direcci\u00f3 t\u00e8cnica per a certificats de c\u00e8dula d&#8217;habitabilitat. A el mateix moment fem instal\u00b7lacions el\u00e8ctriques amb tots els certificats i documentaci\u00f3 necess\u00e0ria per a altes en estaments oficials, butlletins d&#8217;aigua, llum, gas, etc. Disposem dels millors professionals en els diferents camps de professi\u00f3 i de personal encarregat i qualificat per dirigir a tots els treballadors coordinant i solucionant qualsevol detall que pugui sorgir durant la construcci\u00f3.<\/p>\n<div class=\"fusion-clearfix\"><\/div>\n\n\t\t\t\t\t<\/div>\n\t\t\t\t<\/div><\/div><\/div><div  class=\"fusion-fullwidth fullwidth-box fusion-blend-mode nonhundred-percent-fullwidth\"  style='background-color: rgba(255,255,255,0);background-position: right center;background-repeat: no-repeat;padding-top:0px;padding-right:0px;padding-bottom:0px;padding-left:0px;border-top-width:0px;border-bottom-width:0px;border-color:#eae9e9;border-top-style:solid;border-bottom-style:solid;'><div class=\"fusion-builder-row fusion-row \"><div  class=\"fusion-layout-column fusion_builder_column fusion_builder_column_1_1  fusion-one-full fusion-column-first fusion-column-last 1_1\"  style='margin-top:0px;margin-bottom:0px;'>\n\t\t\t\t\t<div class=\"fusion-column-wrapper\" style=\"background-position:left top;background-repeat:no-repeat;-webkit-background-size:cover;-moz-background-size:cover;-o-background-size:cover;background-size:cover;\"  data-bg-url=\"\">\n\t\t\t\t\t\t<div class=\"fusion-column-content-centered\"><div class=\"fusion-column-content\"><\/div><\/div><div class=\"fusion-clearfix\"><\/div>\n\n\t\t\t\t\t<\/div>\n\t\t\t\t<\/div><\/div><\/div><div  class=\"fusion-fullwidth fullwidth-box fusion-blend-mode nonhundred-percent-fullwidth\"  style='background-color: rgba(255,255,255,0);background-position: left top;background-repeat: no-repeat;padding-top:90px;padding-right:0px;padding-bottom:90px;padding-left:0px;border-top-width:0px;border-bottom-width:0px;border-color:#eae9e9;border-top-style:solid;border-bottom-style:solid;'><div class=\"fusion-builder-row fusion-row \"><div  class=\"fusion-layout-column fusion_builder_column fusion_builder_column_1_1  fusion-one-full fusion-column-first fusion-column-last 1_1\"  style='margin-top:0px;margin-bottom:0px;'>\n\t\t\t\t\t<div class=\"fusion-column-wrapper\" style=\"padding: 0px 15% 0px 15%;background-position:left top;background-repeat:no-repeat;-webkit-background-size:cover;-moz-background-size:cover;-o-background-size:cover;background-size:cover;\"  data-bg-url=\"\">\n\t\t\t\t\t\t<h2 style=\"font-weight: 300; text-align: center;\">\u00daltims treballs<\/h2>\n<div class=\"fusion-sep-clear\"><\/div><div class=\"fusion-separator sep-single sep-solid\" style=\"border-color:#fed03d;border-top-width:2px;margin-left: auto;margin-right: auto;margin-top:0px;margin-bottom:30px;width:100%;max-width:206px;\"><\/div><div class=\"fusion-sep-clear\"><\/div><div class=\"fusion-separator fusion-full-width-sep sep-none\" style=\"margin-left: auto;margin-right: auto;margin-top:30px;\"><\/div><div class=\"fusion-clearfix\"><\/div>\n\n\t\t\t\t\t<\/div>\n\t\t\t\t<\/div><div  class=\"fusion-layout-column fusion_builder_column fusion_builder_column_1_1  fusion-one-full fusion-column-first fusion-column-last 1_1\"  style='margin-top:0px;margin-bottom:0px;'>\n\t\t\t\t\t<div class=\"fusion-column-wrapper\" style=\"background-position:left top;background-repeat:no-repeat;-webkit-background-size:cover;-moz-background-size:cover;-o-background-size:cover;background-size:cover;\"  data-bg-url=\"\">\n\t\t\t\t\t\t<div class=\"fusion-recent-works fusion-portfolio fusion-portfolio-1 fusion-portfolio-grid fusion-portfolio-paging-none fusion-portfolio fusion-portfolio-three fusion-portfolio-unboxed\" data-id=\"-rw-1\" data-columns=\"three\"><style type=\"text\/css\">.fusion-portfolio-1 .fusion-portfolio-wrapper .fusion-col-spacing{padding:15px;}<\/style><div class=\"fusion-portfolio-wrapper\" id=\"fusion-portfolio-1\" data-picturesize=\"auto\" data-pages=\"2\" style=\"margin:-15px;\"><article class=\"fusion-portfolio-post projectes fusion-col-spacing\"><div class=\"fusion-portfolio-content-wrapper\">\n\t\t\t<span class=\"entry-title rich-snippet-hidden\">\n\t\t\t\t\t<\/span>\n\t\n\t\t\t<span class=\"vcard rich-snippet-hidden\">\n\t\t\t<span class=\"fn\">\n\t\t\t\t<a href=\"https:\/\/construm.es\/ca\/archivos\/author\/coco\" title=\"Entrades de Coco\" rel=\"author\">Coco<\/a>\t\t\t<\/span>\n\t\t<\/span>\n\t\n\t\t\t<span class=\"updated rich-snippet-hidden\">\n\t\t\t2021-03-19T11:39:41+01:00\t\t<\/span>\n\t\n\n<div class=\"fusion-image-wrapper\" aria-haspopup=\"true\">\n\t\n\t\n\t\t\n\t\t\t\t\t<img width=\"1000\" height=\"1000\" src=\"https:\/\/construm.es\/wp-content\/uploads\/2015\/12\/5-400x400.jpg\" class=\"attachment-full size-full wp-post-image\" alt=\"\" loading=\"lazy\" srcset=\"https:\/\/construm.es\/wp-content\/uploads\/2015\/12\/5-200x200.jpg 200w, https:\/\/construm.es\/wp-content\/uploads\/2015\/12\/5-400x400.jpg 400w, https:\/\/construm.es\/wp-content\/uploads\/2015\/12\/5-600x600.jpg 600w, https:\/\/construm.es\/wp-content\/uploads\/2015\/12\/5-800x800.jpg 800w, https:\/\/construm.es\/wp-content\/uploads\/2015\/12\/5.jpg 1000w\" sizes=\"(min-width: 824px) 370px, (min-width: 732px) 555px, (min-width: 640px) 732px, 100vw\" \/>\n\t\n\n<div class=\"fusion-rollover\">\n\t<div class=\"fusion-rollover-content\">\n\n\t\t\t\t\t\t\t\t\t\t\t\t\t\t\t\t\t\t<a class=\"fusion-rollover-link\" href=\"https:\/\/construm.es\/ca\/archivos\/portfolio-items\/proyecto6\"><\/a>\n\t\t\t\n\t\t\t\t\t\t\t\t\t\t\t\t\t\t\n\t\t\t\t\t\t\t\t\n\t\t\t\t\t\t\t\t\t\t\t\t\t<div class=\"fusion-rollover-sep\"><\/div>\n\t\t\t\t\n\t\t\t\t\t\t\t\t\t\t\t\t\t\t\t\t\t\t<a class=\"fusion-rollover-gallery\" href=\"https:\/\/construm.es\/wp-content\/uploads\/2015\/12\/5.jpg\" data-id=\"1489\" data-rel=\"iLightbox[gallery-rw-1]\" data-title=\"Proyecto 6\" data-caption=\"\">\n\t\t\t\t\t\tGallery\t\t\t\t\t<\/a>\n\t\t\t\t\t\t\t\t\t\t\t\t\t\t\t\t\t\t\t\n\t\t\t\t\n\t\t\t\t\t\t\t\t\t\t\t\t<h4 class=\"fusion-rollover-title\">\n\t\t\t\t\t\t\t\t\t\t<a href=\"https:\/\/construm.es\/ca\/archivos\/portfolio-items\/proyecto6\">\n\t\t\t\t\t\t\t\t\t\t\t<\/a>\n\t\t\t\t<\/h4>\n\t\t\t\n\t\t\t\t\t\t\t\t\t\t\t\t\t\t<div class=\"fusion-rollover-categories\"><a href=\"https:\/\/construm.es\/ca\/portfolio_category\/projectes\" rel=\"tag\">Projectes<\/a><\/div>\t\t\t\t\t\n\t\t\n\t\t\t\t\t\t<a class=\"fusion-link-wrapper\" href=\"https:\/\/construm.es\/ca\/archivos\/portfolio-items\/proyecto6\" aria-label=\"\"><\/a>\n\t<\/div>\n<\/div>\n\n\t\n<\/div>\n<\/div><\/article><article class=\"fusion-portfolio-post projectes fusion-col-spacing\"><div class=\"fusion-portfolio-content-wrapper\">\n\t\t\t<span class=\"entry-title rich-snippet-hidden\">\n\t\t\t\t\t<\/span>\n\t\n\t\t\t<span class=\"vcard rich-snippet-hidden\">\n\t\t\t<span class=\"fn\">\n\t\t\t\t<a href=\"https:\/\/construm.es\/ca\/archivos\/author\/coco\" title=\"Entrades de Coco\" rel=\"author\">Coco<\/a>\t\t\t<\/span>\n\t\t<\/span>\n\t\n\t\t\t<span class=\"updated rich-snippet-hidden\">\n\t\t\t2021-03-19T11:44:12+01:00\t\t<\/span>\n\t\n\n<div class=\"fusion-image-wrapper\" aria-haspopup=\"true\">\n\t\n\t\n\t\t\n\t\t\t\t\t<img width=\"1000\" height=\"1000\" src=\"https:\/\/construm.es\/wp-content\/uploads\/2015\/12\/4-400x400.jpg\" class=\"attachment-full size-full wp-post-image\" alt=\"\" loading=\"lazy\" srcset=\"https:\/\/construm.es\/wp-content\/uploads\/2015\/12\/4-200x200.jpg 200w, https:\/\/construm.es\/wp-content\/uploads\/2015\/12\/4-400x400.jpg 400w, https:\/\/construm.es\/wp-content\/uploads\/2015\/12\/4-600x600.jpg 600w, https:\/\/construm.es\/wp-content\/uploads\/2015\/12\/4-800x800.jpg 800w, https:\/\/construm.es\/wp-content\/uploads\/2015\/12\/4.jpg 1000w\" sizes=\"(min-width: 824px) 370px, (min-width: 732px) 555px, (min-width: 640px) 732px, 100vw\" \/>\n\t\n\n<div class=\"fusion-rollover\">\n\t<div class=\"fusion-rollover-content\">\n\n\t\t\t\t\t\t\t\t\t\t\t\t\t\t\t\t\t\t<a class=\"fusion-rollover-link\" href=\"https:\/\/construm.es\/ca\/archivos\/portfolio-items\/proyecto5\"><\/a>\n\t\t\t\n\t\t\t\t\t\t\t\t\t\t\t\t\t\t\n\t\t\t\t\t\t\t\t\n\t\t\t\t\t\t\t\t\t\t\t\t\t<div class=\"fusion-rollover-sep\"><\/div>\n\t\t\t\t\n\t\t\t\t\t\t\t\t\t\t\t\t\t\t\t\t\t\t<a class=\"fusion-rollover-gallery\" href=\"https:\/\/construm.es\/wp-content\/uploads\/2015\/12\/4.jpg\" data-id=\"1491\" data-rel=\"iLightbox[gallery-rw-1]\" data-title=\"Proyecto 5\" data-caption=\"\">\n\t\t\t\t\t\tGallery\t\t\t\t\t<\/a>\n\t\t\t\t\t\t\t\t\t\t\t\t\t\t\t\t\t\t\t\n\t\t\t\t\n\t\t\t\t\t\t\t\t\t\t\t\t<h4 class=\"fusion-rollover-title\">\n\t\t\t\t\t\t\t\t\t\t<a href=\"https:\/\/construm.es\/ca\/archivos\/portfolio-items\/proyecto5\">\n\t\t\t\t\t\t\t\t\t\t\t<\/a>\n\t\t\t\t<\/h4>\n\t\t\t\n\t\t\t\t\t\t\t\t\t\t\t\t\t\t<div class=\"fusion-rollover-categories\"><a href=\"https:\/\/construm.es\/ca\/portfolio_category\/projectes\" rel=\"tag\">Projectes<\/a><\/div>\t\t\t\t\t\n\t\t\n\t\t\t\t\t\t<a class=\"fusion-link-wrapper\" href=\"https:\/\/construm.es\/ca\/archivos\/portfolio-items\/proyecto5\" aria-label=\"\"><\/a>\n\t<\/div>\n<\/div>\n\n\t\n<\/div>\n<\/div><\/article><article class=\"fusion-portfolio-post projectes fusion-col-spacing\"><div class=\"fusion-portfolio-content-wrapper\">\n\t\t\t<span class=\"entry-title rich-snippet-hidden\">\n\t\t\t\t\t<\/span>\n\t\n\t\t\t<span class=\"vcard rich-snippet-hidden\">\n\t\t\t<span class=\"fn\">\n\t\t\t\t<a href=\"https:\/\/construm.es\/ca\/archivos\/author\/coco\" title=\"Entrades de Coco\" rel=\"author\">Coco<\/a>\t\t\t<\/span>\n\t\t<\/span>\n\t\n\t\t\t<span class=\"updated rich-snippet-hidden\">\n\t\t\t2021-03-19T11:45:14+01:00\t\t<\/span>\n\t\n\n<div class=\"fusion-image-wrapper\" aria-haspopup=\"true\">\n\t\n\t\n\t\t\n\t\t\t\t\t<img width=\"1000\" height=\"1000\" src=\"https:\/\/construm.es\/wp-content\/uploads\/2015\/12\/6-400x400.jpg\" class=\"attachment-full size-full wp-post-image\" alt=\"\" loading=\"lazy\" srcset=\"https:\/\/construm.es\/wp-content\/uploads\/2015\/12\/6-200x200.jpg 200w, https:\/\/construm.es\/wp-content\/uploads\/2015\/12\/6-400x400.jpg 400w, https:\/\/construm.es\/wp-content\/uploads\/2015\/12\/6-600x600.jpg 600w, https:\/\/construm.es\/wp-content\/uploads\/2015\/12\/6-800x800.jpg 800w, https:\/\/construm.es\/wp-content\/uploads\/2015\/12\/6.jpg 1000w\" sizes=\"(min-width: 824px) 370px, (min-width: 732px) 555px, (min-width: 640px) 732px, 100vw\" \/>\n\t\n\n<div class=\"fusion-rollover\">\n\t<div class=\"fusion-rollover-content\">\n\n\t\t\t\t\t\t\t\t\t\t\t\t\t\t\t\t\t\t<a class=\"fusion-rollover-link\" href=\"https:\/\/construm.es\/ca\/archivos\/portfolio-items\/proyecto1\"><\/a>\n\t\t\t\n\t\t\t\t\t\t\t\t\t\t\t\t\t\t\n\t\t\t\t\t\t\t\t\n\t\t\t\t\t\t\t\t\t\t\t\t\t<div class=\"fusion-rollover-sep\"><\/div>\n\t\t\t\t\n\t\t\t\t\t\t\t\t\t\t\t\t\t\t\t\t\t\t<a class=\"fusion-rollover-gallery\" href=\"https:\/\/construm.es\/wp-content\/uploads\/2015\/12\/6.jpg\" data-id=\"1493\" data-rel=\"iLightbox[gallery-rw-1]\" data-title=\"Proyecto 1\" data-caption=\"\">\n\t\t\t\t\t\tGallery\t\t\t\t\t<\/a>\n\t\t\t\t\t\t\t\t\t\t\t\t\t\t\t\t\t\t\t\n\t\t\t\t\n\t\t\t\t\t\t\t\t\t\t\t\t<h4 class=\"fusion-rollover-title\">\n\t\t\t\t\t\t\t\t\t\t<a href=\"https:\/\/construm.es\/ca\/archivos\/portfolio-items\/proyecto1\">\n\t\t\t\t\t\t\t\t\t\t\t<\/a>\n\t\t\t\t<\/h4>\n\t\t\t\n\t\t\t\t\t\t\t\t\t\t\t\t\t\t<div class=\"fusion-rollover-categories\"><a href=\"https:\/\/construm.es\/ca\/portfolio_category\/projectes\" rel=\"tag\">Projectes<\/a><\/div>\t\t\t\t\t\n\t\t\n\t\t\t\t\t\t<a class=\"fusion-link-wrapper\" href=\"https:\/\/construm.es\/ca\/archivos\/portfolio-items\/proyecto1\" aria-label=\"\"><\/a>\n\t<\/div>\n<\/div>\n\n\t\n<\/div>\n<\/div><\/article><\/div><\/div><div class=\"fusion-clearfix\"><\/div>\n\n\t\t\t\t\t<\/div>\n\t\t\t\t<\/div><div  class=\"fusion-layout-column fusion_builder_column fusion_builder_column_1_3  fusion-one-third fusion-column-first fusion-no-small-visibility 1_3\"  style='margin-top:0px;margin-bottom:0px;width:30.6666%; margin-right: 4%;'>\n\t\t\t\t\t<div class=\"fusion-column-wrapper\" style=\"background-position:left top;background-repeat:no-repeat;-webkit-background-size:cover;-moz-background-size:cover;-o-background-size:cover;background-size:cover;\"  data-bg-url=\"\">\n\t\t\t\t\t\t<div class=\"fusion-sep-clear\"><\/div><div class=\"fusion-separator fusion-full-width-sep sep-single sep-solid\" style=\"border-color:#f5f5f5;border-top-width:2px;margin-left: auto;margin-right: auto;margin-top:20px;width:100%;max-width:100%;\"><\/div><div class=\"fusion-clearfix\"><\/div>\n\n\t\t\t\t\t<\/div>\n\t\t\t\t<\/div><div  class=\"fusion-layout-column fusion_builder_column fusion_builder_column_1_3  fusion-one-third 1_3\"  style='margin-top:0px;margin-bottom:0px;width:30.6666%; margin-right: 4%;'>\n\t\t\t\t\t<div class=\"fusion-column-wrapper\" style=\"background-position:left top;background-repeat:no-repeat;-webkit-background-size:cover;-moz-background-size:cover;-o-background-size:cover;background-size:cover;\"  data-bg-url=\"\">\n\t\t\t\t\t\t<div class=\"fusion-button-wrappercenter\"><style type=\"text\/css\" scoped=\"scoped\">.fusion-button.button-1 .fusion-button-text, .fusion-button.button-1 i {color:#333333;}.fusion-button.button-1 {border-width:0px;border-color:#333333;}.fusion-button.button-1 .fusion-button-icon-divider{border-color:#333333;}.fusion-button.button-1:hover .fusion-button-text, .fusion-button.button-1:hover i,.fusion-button.button-1:focus .fusion-button-text, .fusion-button.button-1:focus i,.fusion-button.button-1:active .fusion-button-text, .fusion-button.button-1:active{color:#333333;}.fusion-button.button-1:hover, .fusion-button.button-1:focus, .fusion-button.button-1:active{border-width:0px;border-color:#333333;}.fusion-button.button-1:hover .fusion-button-icon-divider, .fusion-button.button-1:hover .fusion-button-icon-divider, .fusion-button.button-1:active .fusion-button-icon-divider{border-color:#333333;}.fusion-button.button-1{background: #ffffff;}.fusion-button.button-1:hover,.button-1:focus,.fusion-button.button-1:active{background: #fed03d;}.fusion-button.button-1{width:100%;}<\/style><a class=\"fusion-button button-flat fusion-button-square button-large button-custom button-1\" target=\"_self\" href=\"http:\/\/construm.es\/trabajos\"><span class=\"fusion-button-text\">VEURE TOTS ELS PROJECTES<\/span><\/a><\/div><div class=\"fusion-clearfix\"><\/div>\n\n\t\t\t\t\t<\/div>\n\t\t\t\t<\/div><div  class=\"fusion-layout-column fusion_builder_column fusion_builder_column_1_3  fusion-one-third fusion-column-last fusion-no-small-visibility 1_3\"  style='margin-top:0px;margin-bottom:0px;width:30.6666%'>\n\t\t\t\t\t<div class=\"fusion-column-wrapper\" style=\"background-position:left top;background-repeat:no-repeat;-webkit-background-size:cover;-moz-background-size:cover;-o-background-size:cover;background-size:cover;\"  data-bg-url=\"\">\n\t\t\t\t\t\t<div class=\"fusion-sep-clear\"><\/div><div class=\"fusion-separator fusion-full-width-sep sep-single sep-solid\" style=\"border-color:#f5f5f5;border-top-width:2px;margin-left: auto;margin-right: auto;margin-top:20px;width:100%;max-width:100%;\"><\/div><div class=\"fusion-clearfix\"><\/div>\n\n\t\t\t\t\t<\/div>\n\t\t\t\t<\/div><\/div><\/div><\/p>\n","protected":false},"excerpt":{"rendered":"","protected":false},"author":3,"featured_media":0,"parent":0,"menu_order":0,"comment_status":"closed","ping_status":"closed","template":"100-width.php","meta":[],"yoast_head":"<!-- This site is optimized with the Yoast SEO plugin v15.9.2 - https:\/\/yoast.com\/wordpress\/plugins\/seo\/ -->\n<title>Construcci\u00f3 i reforma d&#039;edificis pisos i comer\u00e7os a Barcelona | Construm<\/title>\n<meta name=\"description\" content=\"Empresa de reformes, rehabilitacions i construccions d&#039;edificis, cases, pisos i comer\u00e7os a Barcelona i Mareme - Construm, construccions profesionals\" \/>\n<link rel=\"canonical\" href=\"https:\/\/construm.es\/ca\/empresa-constructora\" \/>\n<meta property=\"og:locale\" content=\"ca_ES\" \/>\n<meta property=\"og:type\" content=\"article\" \/>\n<meta property=\"og:title\" content=\"Construcci\u00f3 i reforma d&#039;edificis pisos i comer\u00e7os a Barcelona | Construm\" \/>\n<meta property=\"og:description\" content=\"Empresa de reformes, rehabilitacions i construccions d&#039;edificis, cases, pisos i comer\u00e7os a Barcelona i Mareme - Construm, construccions profesionals\" \/>\n<meta property=\"og:url\" content=\"https:\/\/construm.es\/ca\/empresa-constructora\" \/>\n<meta property=\"og:site_name\" content=\"Construm S.L\" \/>\n<meta property=\"article:modified_time\" content=\"2021-03-17T16:24:10+00:00\" \/>\n<meta name=\"twitter:card\" content=\"summary\" \/>\n<meta name=\"twitter:label1\" content=\"Temps estimat de lectura\">\n\t<meta name=\"twitter:data1\" content=\"4 minuts\">\n<script type=\"application\/ld+json\" class=\"yoast-schema-graph\">{\"@context\":\"https:\/\/schema.org\",\"@graph\":[{\"@type\":\"WebSite\",\"@id\":\"https:\/\/construm.es\/#website\",\"url\":\"https:\/\/construm.es\/\",\"name\":\"Construm S.L\",\"description\":\"Empresa de construcciones y reformas\",\"potentialAction\":[{\"@type\":\"SearchAction\",\"target\":\"https:\/\/construm.es\/?s={search_term_string}\",\"query-input\":\"required name=search_term_string\"}],\"inLanguage\":\"ca\"},{\"@type\":\"WebPage\",\"@id\":\"https:\/\/construm.es\/ca\/empresa-constructora#webpage\",\"url\":\"https:\/\/construm.es\/ca\/empresa-constructora\",\"name\":\"Construcci\\u00f3 i reforma d'edificis pisos i comer\\u00e7os a Barcelona | Construm\",\"isPartOf\":{\"@id\":\"https:\/\/construm.es\/#website\"},\"datePublished\":\"2015-12-04T02:08:28+00:00\",\"dateModified\":\"2021-03-17T16:24:10+00:00\",\"description\":\"Empresa de reformes, rehabilitacions i construccions d'edificis, cases, pisos i comer\\u00e7os a Barcelona i Mareme - Construm, construccions profesionals\",\"breadcrumb\":{\"@id\":\"https:\/\/construm.es\/ca\/empresa-constructora#breadcrumb\"},\"inLanguage\":\"ca\",\"potentialAction\":[{\"@type\":\"ReadAction\",\"target\":[\"https:\/\/construm.es\/ca\/empresa-constructora\"]}]},{\"@type\":\"BreadcrumbList\",\"@id\":\"https:\/\/construm.es\/ca\/empresa-constructora#breadcrumb\",\"itemListElement\":[{\"@type\":\"ListItem\",\"position\":1,\"item\":{\"@type\":\"WebPage\",\"@id\":\"https:\/\/construm.es\/ca\",\"url\":\"https:\/\/construm.es\/ca\",\"name\":\"Portada\"}},{\"@type\":\"ListItem\",\"position\":2,\"item\":{\"@type\":\"WebPage\",\"@id\":\"https:\/\/construm.es\/ca\/empresa-constructora\",\"url\":\"https:\/\/construm.es\/ca\/empresa-constructora\",\"name\":\"Sobre nosaltres\"}}]}]}<\/script>\n<!-- \/ Yoast SEO plugin. -->","_links":{"self":[{"href":"https:\/\/construm.es\/ca\/wp-json\/wp\/v2\/pages\/1347"}],"collection":[{"href":"https:\/\/construm.es\/ca\/wp-json\/wp\/v2\/pages"}],"about":[{"href":"https:\/\/construm.es\/ca\/wp-json\/wp\/v2\/types\/page"}],"author":[{"embeddable":true,"href":"https:\/\/construm.es\/ca\/wp-json\/wp\/v2\/users\/3"}],"replies":[{"embeddable":true,"href":"https:\/\/construm.es\/ca\/wp-json\/wp\/v2\/comments?post=1347"}],"version-history":[{"count":3,"href":"https:\/\/construm.es\/ca\/wp-json\/wp\/v2\/pages\/1347\/revisions"}],"predecessor-version":[{"id":1362,"href":"https:\/\/construm.es\/ca\/wp-json\/wp\/v2\/pages\/1347\/revisions\/1362"}],"wp:attachment":[{"href":"https:\/\/construm.es\/ca\/wp-json\/wp\/v2\/media?parent=1347"}],"curies":[{"name":"wp","href":"https:\/\/api.w.org\/{rel}","templated":true}]}}